{"id":145,"date":"2024-09-12T14:33:02","date_gmt":"2024-09-12T14:33:02","guid":{"rendered":"https:\/\/aljosamarjanovic.com\/?page_id=145"},"modified":"2024-09-12T14:39:19","modified_gmt":"2024-09-12T14:39:19","slug":"domaca-spletna-stran","status":"publish","type":"page","link":"https:\/\/aljosamarjanovic.com\/","title":{"rendered":"Doma\u010da spletna stran"},"content":{"rendered":"\t\t<div data-elementor-type=\"wp-page\" data-elementor-id=\"145\" class=\"elementor elementor-145\">\n\t\t\t\t\t\t\t\t\t<section class=\"elementor-section elementor-top-section elementor-element elementor-element-6ee0ae0 elementor-section-height-min-height elementor-section-boxed elementor-section-height-default elementor-section-items-middle\" data-id=\"6ee0ae0\" data-element_type=\"section\">\n\t\t\t\t\t\t<div class=\"elementor-container elementor-column-gap-default\">\n\t\t\t\t\t<div class=\"elementor-column elementor-col-100 elementor-top-column elementor-element elementor-element-1c8946c\" data-id=\"1c8946c\" data-element_type=\"column\">\n\t\t\t<div class=\"elementor-widget-wrap elementor-element-populated\">\n\t\t\t\t\t\t\t\t<div class=\"elementor-element elementor-element-625a176 elementor-widget elementor-widget-text-editor\" data-id=\"625a176\" data-element_type=\"widget\" data-widget_type=\"text-editor.default\">\n\t\t\t\t<div class=\"elementor-widget-container\">\n\t\t\t<style>\/*! elementor - v3.13.2 - 11-05-2023 *\/\n.elementor-widget-text-editor.elementor-drop-cap-view-stacked .elementor-drop-cap{background-color:#69727d;color:#fff}.elementor-widget-text-editor.elementor-drop-cap-view-framed .elementor-drop-cap{color:#69727d;border:3px solid;background-color:transparent}.elementor-widget-text-editor:not(.elementor-drop-cap-view-default) .elementor-drop-cap{margin-top:8px}.elementor-widget-text-editor:not(.elementor-drop-cap-view-default) .elementor-drop-cap-letter{width:1em;height:1em}.elementor-widget-text-editor .elementor-drop-cap{float:left;text-align:center;line-height:1;font-size:50px}.elementor-widget-text-editor .elementor-drop-cap-letter{display:inline-block}<\/style>\t\t\t\t<p><b>Spletna stran je trenutno v prenovi<\/b><\/p>\n<p>Hvala za va\u0161o potrpe\u017eljivost. V vmesnem \u010dasu me lahko kontaktirate na email aljosa@game-changer.si ali na telefonsko \u0161tevilko 051-202-526<\/p>\n<p><\/p>\t\t\t\t\t\t<\/div>\n\t\t\t\t<\/div>\n\t\t\t\t\t<\/div>\n\t\t<\/div>\n\t\t\t\t\t\t\t<\/div>\n\t\t<\/section>\n\t\t\t\t\t\t\t<\/div>\n\t\t","protected":false},"excerpt":{"rendered":"<p>Spletna stran je trenutno v prenovi Hvala za va\u0161o potrpe\u017eljivost. V vmesnem \u010dasu me lahko kontaktirate na email aljosa@game-changer.si ali na telefonsko \u0161tevilko 051-202-526<\/p>\n","protected":false},"author":1,"featured_media":0,"parent":0,"menu_order":0,"comment_status":"closed","ping_status":"closed","template":"elementor_canvas","meta":{"footnotes":""},"class_list":["post-145","page","type-page","status-publish","hentry"],"_links":{"self":[{"href":"https:\/\/aljosamarjanovic.com\/index.php?rest_route=\/wp\/v2\/pages\/145","targetHints":{"allow":["GET"]}}],"collection":[{"href":"https:\/\/aljosamarjanovic.com\/index.php?rest_route=\/wp\/v2\/pages"}],"about":[{"href":"https:\/\/aljosamarjanovic.com\/index.php?rest_route=\/wp\/v2\/types\/page"}],"author":[{"embeddable":true,"href":"https:\/\/aljosamarjanovic.com\/index.php?rest_route=\/wp\/v2\/users\/1"}],"replies":[{"embeddable":true,"href":"https:\/\/aljosamarjanovic.com\/index.php?rest_route=%2Fwp%2Fv2%2Fcomments&post=145"}],"version-history":[{"count":10,"href":"https:\/\/aljosamarjanovic.com\/index.php?rest_route=\/wp\/v2\/pages\/145\/revisions"}],"predecessor-version":[{"id":155,"href":"https:\/\/aljosamarjanovic.com\/index.php?rest_route=\/wp\/v2\/pages\/145\/revisions\/155"}],"wp:attachment":[{"href":"https:\/\/aljosamarjanovic.com\/index.php?rest_route=%2Fwp%2Fv2%2Fmedia&parent=145"}],"curies":[{"name":"wp","href":"https:\/\/api.w.org\/{rel}","templated":true}]}}